{"id":26,"date":"2023-06-19T10:49:37","date_gmt":"2023-06-19T08:49:37","guid":{"rendered":"http:\/\/demos.famethemes.com\/onepress\/?page_id=26"},"modified":"2023-06-19T10:55:32","modified_gmt":"2023-06-19T08:55:32","slug":"service-title-4","status":"publish","type":"page","link":"https:\/\/sylvietaboile.com\/?page_id=26","title":{"rendered":"Atelier auto-massage"},"content":{"rendered":"<p><em>Apprenez \u00e0 vos \u00e9quipes \u00e0 se d\u00e9tendre en un tour de main ou tout simplement organisez un atelier entre copines!<\/em><\/p>\n<p>L&#8217;auto-massage peut tout simplement \u00eatre sublime quand on sait le pratiquer et aussi salvateur dans certains cas de migraine, douleurs lombaires\u00a0 de tension, de manque d&#8217;\u00e9nergie ou de besoin de se redynamiser.<\/p>\n<p>Avec des techniques simples et compr\u00e9hensibles de chacun\/chacune, vous apprendrez \u00e0 utiliser vos mains pour d\u00e9tendre votre t\u00eate, votre cou, votre dos, votre ventre, vos jambes, vos pieds dans la plus grande bienveillance.<\/p>\n<p>Je vous propose ces ateliers sous forme de 1h ou 2h.<\/p>\n<p>Tarif sur demande au 06 11 69 48 72<\/p>\n<p>\u00a0<\/p>\n\n<div class=\"wp-block-image is-style-rounded\">\n<figure class=\"aligncenter size-large\"><img loading=\"lazy\" decoding=\"async\" width=\"1024\" height=\"768\" src=\"https:\/\/sylvietaboile.com\/wp-content\/uploads\/2023\/06\/bubbles-230014_1280-_1_-1024x768.webp\" alt=\"sylvie taboile, atelier d'auto-hypnose, hypnoth\u00e9rapeute, massage relaxant, lifting, jeunesse, soin energ\u00e9tique, reiki, hypnoth\u00e9rapeute coye la for\u00eat, hypnoth\u00e9rapeute chantilly, r\u00e9fl\u00e9xologie plantaire, soins visage, massage bien-\u00eatre, d\u00e9shypnose\" class=\"wp-image-2119\" srcset=\"https:\/\/sylvietaboile.com\/wp-content\/uploads\/2023\/06\/bubbles-230014_1280-_1_-1024x768.webp 1024w, https:\/\/sylvietaboile.com\/wp-content\/uploads\/2023\/06\/bubbles-230014_1280-_1_-300x225.webp 300w, https:\/\/sylvietaboile.com\/wp-content\/uploads\/2023\/06\/bubbles-230014_1280-_1_-768x576.webp 768w, https:\/\/sylvietaboile.com\/wp-content\/uploads\/2023\/06\/bubbles-230014_1280-_1_-155x116.webp 155w, https:\/\/sylvietaboile.com\/wp-content\/uploads\/2023\/06\/bubbles-230014_1280-_1_.webp 1280w\" sizes=\"auto, (max-width: 1024px) 100vw, 1024px\" \/><\/figure>\n<\/div>\n\n\n<div class=\"wp-block-buttons is-layout-flex wp-block-buttons-is-layout-flex\"><\/div>\n\n\n\n<!-- Code Crenolib Pro -->\n<a href=\"https:\/\/www.crenolib.fr\/prendre-rdv\/11002_hypnotherapeute-a-coye-la-foret\" style=\"display: block; text-align: center; background-color: #7142F5; color: #ffffff; font-size: 15px; overflow: hidden; width: 315px; height: 50px; border-bottom-right-radius: none; border-bottom-left-radius: none; position: fixed; bottom: 0; right: 5px; z-index: 1000; border-top-left-radius: 4px; border-top-right-radius: 4px; line-height: 50px;\" target=\"_blank\" class=\"crenolib\" rel=\"noopener noreferrer\">\n<span style=\"font-size: 15px;\">RDV Cabinet &amp; Visio &#8211; Crenolib.fr<\/span>\n<\/a>\n<!-- Code Crenolib Pro -->\n","protected":false},"excerpt":{"rendered":"<p>Morbi in sem quis dui placerat ornare. Pellentesque odio nisi euismod in pharetra a ultricies.<\/p>\n","protected":false},"author":2,"featured_media":1827,"parent":0,"menu_order":0,"comment_status":"closed","ping_status":"closed","template":"page-templates\/full-width.php","meta":{"footnotes":""},"class_list":["post-26","page","type-page","status-publish","has-post-thumbnail","hentry"],"jetpack_sharing_enabled":true,"_links":{"self":[{"href":"https:\/\/sylvietaboile.com\/index.php?rest_route=\/wp\/v2\/pages\/26","targetHints":{"allow":["GET"]}}],"collection":[{"href":"https:\/\/sylvietaboile.com\/index.php?rest_route=\/wp\/v2\/pages"}],"about":[{"href":"https:\/\/sylvietaboile.com\/index.php?rest_route=\/wp\/v2\/types\/page"}],"author":[{"embeddable":true,"href":"https:\/\/sylvietaboile.com\/index.php?rest_route=\/wp\/v2\/users\/2"}],"replies":[{"embeddable":true,"href":"https:\/\/sylvietaboile.com\/index.php?rest_route=%2Fwp%2Fv2%2Fcomments&post=26"}],"version-history":[{"count":12,"href":"https:\/\/sylvietaboile.com\/index.php?rest_route=\/wp\/v2\/pages\/26\/revisions"}],"predecessor-version":[{"id":2125,"href":"https:\/\/sylvietaboile.com\/index.php?rest_route=\/wp\/v2\/pages\/26\/revisions\/2125"}],"wp:featuredmedia":[{"embeddable":true,"href":"https:\/\/sylvietaboile.com\/index.php?rest_route=\/wp\/v2\/media\/1827"}],"wp:attachment":[{"href":"https:\/\/sylvietaboile.com\/index.php?rest_route=%2Fwp%2Fv2%2Fmedia&parent=26"}],"curies":[{"name":"wp","href":"https:\/\/api.w.org\/{rel}","templated":true}]}}