{"id":1779,"date":"2021-02-16T18:06:28","date_gmt":"2021-02-16T17:06:28","guid":{"rendered":"http:\/\/sylvietaboile.com\/?page_id=1779"},"modified":"2023-01-03T13:56:27","modified_gmt":"2023-01-03T12:56:27","slug":"sevrage-tabagique","status":"publish","type":"page","link":"https:\/\/sylvietaboile.com\/?page_id=1779","title":{"rendered":"Sevrage tabagique"},"content":{"rendered":"\n<p>Depuis 2009, je vous accompagne dans votre d\u00e9marche de sevrage du tabac gr\u00e2ce \u00e0 un programme que j&#8217;ai mis au point. Avec l&#8217;hypnose, la d\u00e9programmation \u00e9motionnelle, la nutrith\u00e9rapie, la phytoth\u00e9rapie, les Fleurs de Bach, etc&#8230; comme outils. <\/p>\n\n\n\n<p>Souvent les fumeurs pensent qu&#8217;ils ont commenc\u00e9 \u00e0 fumer pour faire comme tout le monde.  Mais avec un peu plus de 10 ans d&#8217;exp\u00e9riences, je me suis rendue compte que les raisons de l&#8217;inconscient sont souvent bien diff\u00e9rentes que celles du conscient: un deuil, une rupture sentimentale, un divorce, un choc, un besoin de libert\u00e9 par rapport aux parents&#8230; sont souvent des d\u00e9clencheurs inconscients aux premi\u00e8res cigarettes.<\/p>\n\n\n\n<p>Entre une et trois s\u00e9ances de plus de 2h sont n\u00e9cessaires avec d&#8217;excellents r\u00e9sultats av\u00e9r\u00e9s \u00e0 la clef!<\/p>\n\n\n\n<p>Si je me rends compte lors de notre rendez-vous, que vous n&#8217;\u00eates pas pr\u00eat pour diff\u00e9rentes raisons, la s\u00e9ance en cours sera \u00e9court\u00e9e \u00e0 1h30  et consid\u00e9r\u00e9e comme une s\u00e9ance de pr\u00e9paration. Elle sera factur\u00e9e comme une s\u00e9ance &#8220;normale&#8221; d&#8217;1h30.<\/p>\n\n\n\n<p>Contactez moi afin de prendre rendez-vous car un entretien t\u00e9l\u00e9phonique est n\u00e9cessaire avant la s\u00e9ance puis commencez \u00e0 imaginer la lib\u00e9ration et la fiert\u00e9 que vous allez ressentir une fois d\u00e9barrass\u00e9 du tabac!<\/p>\n\n\n\n<figure class=\"wp-block-image size-large is-style-rounded\"><img loading=\"lazy\" decoding=\"async\" width=\"1024\" height=\"678\" src=\"http:\/\/sylvietaboile.com\/wp-content\/uploads\/2021\/02\/man-under-waterfall-2150164_1920-1024x678.jpg\" alt=\"arr\u00eater de fumer, sevrage tabagique oise, hypnose pour arr\u00eater de fumer, hypnoth\u00e9rapeute chantilly, hypnoth\u00e9rapeute coye la for\u00eat, hypnose oise, coach oise, coaching en entreprise, r\u00e9flexologie plantaire, massage de relaxation, massage profond, massage bien-\u00eatre, pnl, rajeunir oise, se sentir belle, sevrage tabac qui marche, crenolib, pr\u00e9paration aux examens, confiance\" class=\"wp-image-1788\" srcset=\"https:\/\/sylvietaboile.com\/wp-content\/uploads\/2021\/02\/man-under-waterfall-2150164_1920-1024x678.jpg 1024w, https:\/\/sylvietaboile.com\/wp-content\/uploads\/2021\/02\/man-under-waterfall-2150164_1920-300x199.jpg 300w, https:\/\/sylvietaboile.com\/wp-content\/uploads\/2021\/02\/man-under-waterfall-2150164_1920-768x508.jpg 768w, https:\/\/sylvietaboile.com\/wp-content\/uploads\/2021\/02\/man-under-waterfall-2150164_1920-1536x1017.jpg 1536w, https:\/\/sylvietaboile.com\/wp-content\/uploads\/2021\/02\/man-under-waterfall-2150164_1920-175x116.jpg 175w, https:\/\/sylvietaboile.com\/wp-content\/uploads\/2021\/02\/man-under-waterfall-2150164_1920.jpg 1920w\" sizes=\"auto, (max-width: 1024px) 100vw, 1024px\" \/><\/figure>\n\n\n\n<div class=\"wp-block-buttons is-layout-flex wp-block-buttons-is-layout-flex\"><\/div>\n\n\n\n<!-- Code Crenolib Pro -->\n<a href=\"https:\/\/www.crenolib.fr\/prendre-rdv\/11002_hypnotherapeute-a-coye-la-foret\" style=\"display: block; text-align: center; background-color: #7142F5; color: #ffffff; font-size: 15px; overflow: hidden; width: 315px; height: 50px; border-bottom-right-radius: none; border-bottom-left-radius: none; position: fixed; bottom: 0; right: 5px; z-index: 1000; border-top-left-radius: 4px; border-top-right-radius: 4px; line-height: 50px;\" target=\"_blank\" class=\"crenolib\" rel=\"noopener noreferrer\">\n<span style=\"font-size: 15px;\">RDV Cabinet &amp; Visio &#8211; Crenolib.fr<\/span>\n<\/a>\n<!-- Code Crenolib Pro -->\n","protected":false},"excerpt":{"rendered":"<p>Depuis 2009, je vous accompagne dans votre d\u00e9marche de sevrage du tabac gr\u00e2ce \u00e0 un programme que j&#8217;ai mis au &hellip; <a href=\"https:\/\/sylvietaboile.com\/?page_id=1779\" class=\"more-link\">Continue reading <span class=\"screen-reader-text\">Sevrage tabagique<\/span><\/a><\/p>\n","protected":false},"author":2,"featured_media":1782,"parent":0,"menu_order":0,"comment_status":"closed","ping_status":"closed","template":"","meta":{"footnotes":""},"class_list":["post-1779","page","type-page","status-publish","has-post-thumbnail","hentry"],"jetpack_sharing_enabled":true,"_links":{"self":[{"href":"https:\/\/sylvietaboile.com\/index.php?rest_route=\/wp\/v2\/pages\/1779","targetHints":{"allow":["GET"]}}],"collection":[{"href":"https:\/\/sylvietaboile.com\/index.php?rest_route=\/wp\/v2\/pages"}],"about":[{"href":"https:\/\/sylvietaboile.com\/index.php?rest_route=\/wp\/v2\/types\/page"}],"author":[{"embeddable":true,"href":"https:\/\/sylvietaboile.com\/index.php?rest_route=\/wp\/v2\/users\/2"}],"replies":[{"embeddable":true,"href":"https:\/\/sylvietaboile.com\/index.php?rest_route=%2Fwp%2Fv2%2Fcomments&post=1779"}],"version-history":[{"count":7,"href":"https:\/\/sylvietaboile.com\/index.php?rest_route=\/wp\/v2\/pages\/1779\/revisions"}],"predecessor-version":[{"id":2066,"href":"https:\/\/sylvietaboile.com\/index.php?rest_route=\/wp\/v2\/pages\/1779\/revisions\/2066"}],"wp:featuredmedia":[{"embeddable":true,"href":"https:\/\/sylvietaboile.com\/index.php?rest_route=\/wp\/v2\/media\/1782"}],"wp:attachment":[{"href":"https:\/\/sylvietaboile.com\/index.php?rest_route=%2Fwp%2Fv2%2Fmedia&parent=1779"}],"curies":[{"name":"wp","href":"https:\/\/api.w.org\/{rel}","templated":true}]}}