{"id":1648,"date":"2021-01-19T12:56:16","date_gmt":"2021-01-19T11:56:16","guid":{"rendered":"http:\/\/sylvietaboile.com\/?page_id=1648"},"modified":"2022-12-10T15:26:52","modified_gmt":"2022-12-10T14:26:52","slug":"boutique","status":"publish","type":"page","link":"https:\/\/sylvietaboile.com\/?page_id=1648","title":{"rendered":"Boutique"},"content":{"rendered":"\n<figure class=\"wp-block-image size-large\"><img loading=\"lazy\" decoding=\"async\" width=\"820\" height=\"340\" src=\"http:\/\/sylvietaboile.com\/wp-content\/uploads\/2021\/01\/FB_banner_04_FR-1.jpg\" alt=\"\" class=\"wp-image-1650\" srcset=\"https:\/\/sylvietaboile.com\/wp-content\/uploads\/2021\/01\/FB_banner_04_FR-1.jpg 820w, https:\/\/sylvietaboile.com\/wp-content\/uploads\/2021\/01\/FB_banner_04_FR-1-300x124.jpg 300w, https:\/\/sylvietaboile.com\/wp-content\/uploads\/2021\/01\/FB_banner_04_FR-1-768x318.jpg 768w, https:\/\/sylvietaboile.com\/wp-content\/uploads\/2021\/01\/FB_banner_04_FR-1-228x95.jpg 228w\" sizes=\"auto, (max-width: 820px) 100vw, 820px\" \/><\/figure>\n\n\n\n<p>Les patches Lifewaves ont aid\u00e9 des milliers de personnes \u00e0 travers le monde. N&#8217;h\u00e9sitez pas \u00e0 me contacter si vous avez des questions sur ces petits patches qui ont chang\u00e9 ma vie! En cliquant sur le lien ci-dessous vous acc\u00e9derez directement \u00e0 ma boutique en ligne o\u00f9 vous pourrez voir des vid\u00e9os et vous procurer les produits Lifewave.<\/p>\n\n\n\n<p><\/p>\n\n\n\n<p><a href=\"https:\/\/lifewave.com\/sylvietaboile\">https:\/\/lifewave.com\/sylvietaboile<\/a><\/p>\n\n\n\n<p><\/p>\n\n\n<div class=\"wp-block-image\">\n<figure class=\"aligncenter size-large is-resized\"><img loading=\"lazy\" decoding=\"async\" src=\"http:\/\/sylvietaboile.com\/wp-content\/uploads\/2021\/09\/Life4you-922x1024.png\" alt=\"\" class=\"wp-image-1885\" width=\"295\" height=\"327\" srcset=\"https:\/\/sylvietaboile.com\/wp-content\/uploads\/2021\/09\/Life4you-922x1024.png 922w, https:\/\/sylvietaboile.com\/wp-content\/uploads\/2021\/09\/Life4you-270x300.png 270w, https:\/\/sylvietaboile.com\/wp-content\/uploads\/2021\/09\/Life4you-768x853.png 768w, https:\/\/sylvietaboile.com\/wp-content\/uploads\/2021\/09\/Life4you-104x116.png 104w, https:\/\/sylvietaboile.com\/wp-content\/uploads\/2021\/09\/Life4you.png 945w\" sizes=\"auto, (max-width: 295px) 100vw, 295px\" \/><\/figure>\n<\/div>\n\n\n<p>Les produits Life for You sont d&#8217;une qualit\u00e9 exceptionnelle et ils feront des miracles pour votre bien-\u00eatre! N&#8217;h\u00e9sitez pas \u00e0 aller voir le site ci-dessous, o\u00f9 vous pourrez vous procurer les produits. <\/p>\n\n\n\n<p>Les Ebooks sur cette page sont libres de droits, et disponibles \u00e0 la lecture. Profitez en.<\/p>\n\n\n\n<p><a href=\"https:\/\/members.lifeforyou.eu\/TABOILE\/customer \">https:\/\/members.lifeforyou.eu\/TABOILE\/customer <\/a><\/p>\n\n\n\n<div data-wp-interactive=\"core\/file\" class=\"wp-block-file\"><object data-wp-bind--hidden=\"!state.hasPdfPreview\" hidden class=\"wp-block-file__embed\" data=\"http:\/\/sylvietaboile.com\/wp-content\/uploads\/2021\/09\/Ebook_Pouvoir_Effet_Waouh_v2-compresse1.pdf\" type=\"application\/pdf\" style=\"width:100%;height:600px\" aria-label=\"Contenu embarqu\u00e9 Ebook_Pouvoir_Effet_Waouh_v2-compresse1.\"><\/object><a id=\"wp-block-file--media-1ae5d669-409b-4d76-87c9-905bf87cadf4\" href=\"http:\/\/sylvietaboile.com\/wp-content\/uploads\/2021\/09\/Ebook_Pouvoir_Effet_Waouh_v2-compresse1.pdf\">Ebook_Pouvoir_Effet_Waouh_v2-compresse1<\/a><a href=\"http:\/\/sylvietaboile.com\/wp-content\/uploads\/2021\/09\/Ebook_Pouvoir_Effet_Waouh_v2-compresse1.pdf\" class=\"wp-block-file__button wp-element-button\" download aria-describedby=\"wp-block-file--media-1ae5d669-409b-4d76-87c9-905bf87cadf4\">T\u00e9l\u00e9charger<\/a><\/div>\n\n\n\n<!-- Code Crenolib Pro -->\n<a href=\"https:\/\/www.crenolib.fr\/prendre-rdv\/11002_hypnotherapeute-a-coye-la-foret\" style=\"display: block; text-align: center; background-color: #7142F5; color: #ffffff; font-size: 15px; overflow: hidden; width: 315px; height: 50px; border-bottom-right-radius: none; border-bottom-left-radius: none; position: fixed; bottom: 0; right: 5px; z-index: 1000; border-top-left-radius: 4px; border-top-right-radius: 4px; line-height: 50px;\" target=\"_blank\" class=\"crenolib\" rel=\"noopener noreferrer\">\n<span style=\"font-size: 15px;\">RDV Cabinet &#038; Visio &#8211; Crenolib.fr<\/span>\n<\/a>\n<!-- Code Crenolib Pro -->\n\n\n\n<div data-wp-interactive=\"core\/file\" class=\"wp-block-file\"><object data-wp-bind--hidden=\"!state.hasPdfPreview\" hidden class=\"wp-block-file__embed\" data=\"http:\/\/sylvietaboile.com\/wp-content\/uploads\/2021\/09\/W4L_Ebook_v1_01.pdf\" type=\"application\/pdf\" style=\"width:100%;height:600px\" aria-label=\"Contenu embarqu\u00e9 W4L_Ebook_v1_01.\"><\/object><a id=\"wp-block-file--media-eaaf5804-795a-4b6a-8351-190b0e6e013d\" href=\"http:\/\/sylvietaboile.com\/wp-content\/uploads\/2021\/09\/W4L_Ebook_v1_01.pdf\">W4L_Ebook_v1_01<\/a><a href=\"http:\/\/sylvietaboile.com\/wp-content\/uploads\/2021\/09\/W4L_Ebook_v1_01.pdf\" class=\"wp-block-file__button wp-element-button\" download aria-describedby=\"wp-block-file--media-eaaf5804-795a-4b6a-8351-190b0e6e013d\">T\u00e9l\u00e9charger<\/a><\/div>\n\n\n\n<div data-wp-interactive=\"core\/file\" class=\"wp-block-file\"><object data-wp-bind--hidden=\"!state.hasPdfPreview\" hidden class=\"wp-block-file__embed\" data=\"http:\/\/sylvietaboile.com\/wp-content\/uploads\/2021\/09\/REGCEL_L4U_v11.pdf\" type=\"application\/pdf\" style=\"width:100%;height:600px\" aria-label=\"Contenu embarqu\u00e9 REGCEL_L4U_v11.\"><\/object><a id=\"wp-block-file--media-f27e484c-5d89-4e94-952e-a84f5d99c745\" href=\"http:\/\/sylvietaboile.com\/wp-content\/uploads\/2021\/09\/REGCEL_L4U_v11.pdf\">REGCEL_L4U_v11<\/a><a href=\"http:\/\/sylvietaboile.com\/wp-content\/uploads\/2021\/09\/REGCEL_L4U_v11.pdf\" class=\"wp-block-file__button wp-element-button\" download aria-describedby=\"wp-block-file--media-f27e484c-5d89-4e94-952e-a84f5d99c745\">T\u00e9l\u00e9charger<\/a><\/div>\n\n\n","protected":false},"excerpt":{"rendered":"<p>Les patches Lifewaves ont aid\u00e9 des milliers de personnes \u00e0 travers le monde. N&#8217;h\u00e9sitez pas \u00e0 me contacter si vous &hellip; <a href=\"https:\/\/sylvietaboile.com\/?page_id=1648\" class=\"more-link\">Continue reading <span class=\"screen-reader-text\">Boutique<\/span><\/a><\/p>\n","protected":false},"author":2,"featured_media":0,"parent":0,"menu_order":0,"comment_status":"closed","ping_status":"closed","template":"","meta":{"footnotes":""},"class_list":["post-1648","page","type-page","status-publish","hentry"],"jetpack_sharing_enabled":true,"_links":{"self":[{"href":"https:\/\/sylvietaboile.com\/index.php?rest_route=\/wp\/v2\/pages\/1648","targetHints":{"allow":["GET"]}}],"collection":[{"href":"https:\/\/sylvietaboile.com\/index.php?rest_route=\/wp\/v2\/pages"}],"about":[{"href":"https:\/\/sylvietaboile.com\/index.php?rest_route=\/wp\/v2\/types\/page"}],"author":[{"embeddable":true,"href":"https:\/\/sylvietaboile.com\/index.php?rest_route=\/wp\/v2\/users\/2"}],"replies":[{"embeddable":true,"href":"https:\/\/sylvietaboile.com\/index.php?rest_route=%2Fwp%2Fv2%2Fcomments&post=1648"}],"version-history":[{"count":7,"href":"https:\/\/sylvietaboile.com\/index.php?rest_route=\/wp\/v2\/pages\/1648\/revisions"}],"predecessor-version":[{"id":2025,"href":"https:\/\/sylvietaboile.com\/index.php?rest_route=\/wp\/v2\/pages\/1648\/revisions\/2025"}],"wp:attachment":[{"href":"https:\/\/sylvietaboile.com\/index.php?rest_route=%2Fwp%2Fv2%2Fmedia&parent=1648"}],"curies":[{"name":"wp","href":"https:\/\/api.w.org\/{rel}","templated":true}]}}