{"id":1644,"date":"2021-01-19T12:48:05","date_gmt":"2021-01-19T11:48:05","guid":{"rendered":"http:\/\/sylvietaboile.com\/?page_id=1644"},"modified":"2023-03-28T22:40:00","modified_gmt":"2023-03-28T20:40:00","slug":"lifewave","status":"publish","type":"page","link":"https:\/\/sylvietaboile.com\/?page_id=1644","title":{"rendered":"LIFEWAVE"},"content":{"rendered":"\n<p>Pour commander directement vos produits en ligne, cliquez directement sur le lien ci-dessous. Choisissez la langue (french) puis soumettre et commencez vos courses.<\/p>\n\n\n\n<p><a href=\"http:\/\/www.lifewave.com\/sylvietaboile\">http:\/\/www.lifewave.com\/sylvietaboile<\/a><\/p>\n\n\n\n<figure class=\"wp-block-embed is-type-video is-provider-vimeo wp-block-embed-vimeo wp-embed-aspect-16-9 wp-has-aspect-ratio lifewave, patches\"><div class=\"wp-block-embed__wrapper\">\n<div class=\"jetpack-video-wrapper\"><iframe loading=\"lazy\" title=\"This Is LifeWave (Fran&amp;ccedil;ais)\" src=\"https:\/\/player.vimeo.com\/video\/451770772?h=63e973d682&amp;dnt=1&amp;app_id=122963\" width=\"1140\" height=\"641\" frameborder=\"0\" allow=\"autoplay; fullscreen; picture-in-picture\" allowfullscreen><\/iframe><\/div>\n<\/div><\/figure>\n\n\n\n<p class=\"has-text-align-left\">Depuis 2004, LifeWave a aid\u00e9 des personnes du monde entier \u00e0 r\u00e9aliser leur plus grand potentiel. Nos produits de bien-\u00eatre brevet\u00e9s et exclusifs aident \u00e0 fournir plus d&#8217;\u00e9nergie et d&#8217;endurance, une acuit\u00e9 mentale, un meilleur sommeil, un stress r\u00e9duit, une peau de meilleure apparence, une cicatrisation plus rapide et une sensation holistique de vitalit\u00e9 juv\u00e9nile. Nos produits aident \u00e9galement les gens \u00e0 r\u00e9duire la graisse corporelle et \u00e0 diminuer la douleur.<\/p>\n\n\n\n<p>Nous pensons que ces produits transformateurs et nos opportunit\u00e9s commerciales flexibles peuvent vous aider \u00e0 aborder chaque jour avec plus de dynamisme, de concentration, d&#8217;enthousiasme et de passion. Car lorsque vous \u00eates au meilleur de vous-m\u00eame, vous vivez le monde diff\u00e9remment et de nouvelles possibilit\u00e9s s\u2019ouvrent tout autour de vous.<\/p>\n\n\n\n<h2 class=\"wp-block-heading\">Mission<\/h2>\n\n\n\n<p>Nous sommes l\u00e0 pour aider les gens \u00e0 se sentir mieux, \u00e0 para\u00eetre plus jeunes et \u00e0 mener une vie plus joyeuse. Nous le faisons gr\u00e2ce \u00e0 des produits de bien-\u00eatre qui exploitent l&#8217;\u00e9nergie naturelle et la r\u00e9silience du corps, et gr\u00e2ce \u00e0 des possibilit\u00e9s commerciales qui inspirent l&#8217;\u00e9panouissement personnel et professionnel.<\/p>\n\n\n\n<p><\/p>\n\n\n\n<!-- Code Crenolib Pro -->\n<a href=\"https:\/\/www.crenolib.fr\/prendre-rdv\/11002_hypnotherapeute-a-coye-la-foret\" style=\"display: block; text-align: center; background-color: #7142F5; color: #ffffff; font-size: 15px; overflow: hidden; width: 315px; height: 50px; border-bottom-right-radius: none; border-bottom-left-radius: none; position: fixed; bottom: 0; right: 5px; z-index: 1000; border-top-left-radius: 4px; border-top-right-radius: 4px; line-height: 50px;\" target=\"_blank\" class=\"crenolib\" rel=\"noopener noreferrer\">\n<span style=\"font-size: 15px;\">RDV Cabinet &amp; Visio &#8211; Crenolib.fr<\/span>\n<\/a>\n<!-- Code Crenolib Pro -->\n","protected":false},"excerpt":{"rendered":"<p>Pour commander directement vos produits en ligne, cliquez directement sur le lien ci-dessous. Choisissez la langue (french) puis soumettre et &hellip; <a href=\"https:\/\/sylvietaboile.com\/?page_id=1644\" class=\"more-link\">Continue reading <span class=\"screen-reader-text\">LIFEWAVE<\/span><\/a><\/p>\n","protected":false},"author":2,"featured_media":0,"parent":0,"menu_order":0,"comment_status":"closed","ping_status":"closed","template":"","meta":{"footnotes":""},"class_list":["post-1644","page","type-page","status-publish","hentry"],"jetpack_sharing_enabled":true,"_links":{"self":[{"href":"https:\/\/sylvietaboile.com\/index.php?rest_route=\/wp\/v2\/pages\/1644","targetHints":{"allow":["GET"]}}],"collection":[{"href":"https:\/\/sylvietaboile.com\/index.php?rest_route=\/wp\/v2\/pages"}],"about":[{"href":"https:\/\/sylvietaboile.com\/index.php?rest_route=\/wp\/v2\/types\/page"}],"author":[{"embeddable":true,"href":"https:\/\/sylvietaboile.com\/index.php?rest_route=\/wp\/v2\/users\/2"}],"replies":[{"embeddable":true,"href":"https:\/\/sylvietaboile.com\/index.php?rest_route=%2Fwp%2Fv2%2Fcomments&post=1644"}],"version-history":[{"count":8,"href":"https:\/\/sylvietaboile.com\/index.php?rest_route=\/wp\/v2\/pages\/1644\/revisions"}],"predecessor-version":[{"id":2109,"href":"https:\/\/sylvietaboile.com\/index.php?rest_route=\/wp\/v2\/pages\/1644\/revisions\/2109"}],"wp:attachment":[{"href":"https:\/\/sylvietaboile.com\/index.php?rest_route=%2Fwp%2Fv2%2Fmedia&parent=1644"}],"curies":[{"name":"wp","href":"https:\/\/api.w.org\/{rel}","templated":true}]}}