{"id":1416,"date":"2020-01-15T17:15:42","date_gmt":"2020-01-15T16:15:42","guid":{"rendered":"http:\/\/sylvietaboile.com\/?page_id=1416"},"modified":"2023-02-07T12:26:56","modified_gmt":"2023-02-07T11:26:56","slug":"rendez-vous","status":"publish","type":"page","link":"https:\/\/sylvietaboile.com\/?page_id=1416","title":{"rendered":"Rendez-vous"},"content":{"rendered":"\n<p class=\"has-text-align-center has-very-light-gray-color has-cool-to-warm-spectrum-gradient-background has-text-color has-background has-medium-font-size\"><strong>Toutes les prises de rendez-vous se feront directement sur Crenolib (lien ci-dessous)<\/strong> ou au 06 11 69 48 72<\/p>\n\n\n\n<p>Le cabinet o\u00f9 je vous re\u00e7ois<\/p>\n\n\n\n<figure class=\"wp-block-image size-large\"><img loading=\"lazy\" decoding=\"async\" width=\"1024\" height=\"683\" src=\"http:\/\/sylvietaboile.com\/wp-content\/uploads\/2020\/07\/IMG_7687-1024x683.jpg\" alt=\"sylvie taboile, hypnose pour mincir, hypnose pour dormir, phobies, phobie, th\u00e9rapeute chantilly, hypnose oise, pnl, hypnose pour maigrir, hypnoth\u00e9rapeute coye la for\u00eat, coach, coaching oise, pr\u00e9paration aux examens, coach sportif, coaching holistique, crenolib, bien \u00eatre dans l'oise, d\u00e9tente, relaxation, hypnose, confiance, consultation, coye la for\u00eat, chantilly, orry la ville, hypnose pour enfant, troubles du comportement, anor\u00e9xie, boulimie, sevrage tabagique, hypnoth\u00e9rapeute coye-la-for\u00eat\" class=\"wp-image-1552\" srcset=\"https:\/\/sylvietaboile.com\/wp-content\/uploads\/2020\/07\/IMG_7687-1024x683.jpg 1024w, https:\/\/sylvietaboile.com\/wp-content\/uploads\/2020\/07\/IMG_7687-300x200.jpg 300w, https:\/\/sylvietaboile.com\/wp-content\/uploads\/2020\/07\/IMG_7687-768x512.jpg 768w, https:\/\/sylvietaboile.com\/wp-content\/uploads\/2020\/07\/IMG_7687-1536x1024.jpg 1536w, https:\/\/sylvietaboile.com\/wp-content\/uploads\/2020\/07\/IMG_7687-2048x1365.jpg 2048w\" sizes=\"auto, (max-width: 1024px) 100vw, 1024px\" \/><\/figure>\n\n\n\n<p>Si vous venez pour un sevrage tabagique, une pr\u00e9paration est n\u00e9cessaire avant la s\u00e9ance. Merci de me contacter par t\u00e9l\u00e9phone afin que je vous donne la marche \u00e0 suivre. Merci.<\/p>\n\n\n\n<div class=\"wp-block-buttons is-layout-flex wp-block-buttons-is-layout-flex\"><\/div>\n\n\n\n<!-- Code Crenolib Pro -->\n<a href=\"https:\/\/www.crenolib.fr\/prendre-rdv\/11002_hypnotherapeute-a-coye-la-foret\" style=\"display: block; text-align: center; background-color: #7142F5; color: #ffffff; font-size: 15px; overflow: hidden; width: 315px; height: 50px; border-bottom-right-radius: none; border-bottom-left-radius: none; position: fixed; bottom: 0; right: 5px; z-index: 1000; border-top-left-radius: 4px; border-top-right-radius: 4px; line-height: 50px;\" target=\"_blank\" class=\"crenolib\" rel=\"noopener noreferrer\">\n<span style=\"font-size: 15px;\">RDV Cabinet &amp; Visio &#8211; Crenolib.fr<\/span>\n<\/a>\n<!-- Code Crenolib Pro -->\n","protected":false},"excerpt":{"rendered":"<p>Toutes les prises de rendez-vous se feront directement sur Crenolib (lien ci-dessous) ou au 06 11 69 48 72 Le &hellip; <a href=\"https:\/\/sylvietaboile.com\/?page_id=1416\" class=\"more-link\">Continue reading <span class=\"screen-reader-text\">Rendez-vous<\/span><\/a><\/p>\n","protected":false},"author":2,"featured_media":0,"parent":0,"menu_order":0,"comment_status":"closed","ping_status":"closed","template":"","meta":{"footnotes":""},"class_list":["post-1416","page","type-page","status-publish","hentry"],"jetpack_sharing_enabled":true,"_links":{"self":[{"href":"https:\/\/sylvietaboile.com\/index.php?rest_route=\/wp\/v2\/pages\/1416","targetHints":{"allow":["GET"]}}],"collection":[{"href":"https:\/\/sylvietaboile.com\/index.php?rest_route=\/wp\/v2\/pages"}],"about":[{"href":"https:\/\/sylvietaboile.com\/index.php?rest_route=\/wp\/v2\/types\/page"}],"author":[{"embeddable":true,"href":"https:\/\/sylvietaboile.com\/index.php?rest_route=\/wp\/v2\/users\/2"}],"replies":[{"embeddable":true,"href":"https:\/\/sylvietaboile.com\/index.php?rest_route=%2Fwp%2Fv2%2Fcomments&post=1416"}],"version-history":[{"count":15,"href":"https:\/\/sylvietaboile.com\/index.php?rest_route=\/wp\/v2\/pages\/1416\/revisions"}],"predecessor-version":[{"id":2089,"href":"https:\/\/sylvietaboile.com\/index.php?rest_route=\/wp\/v2\/pages\/1416\/revisions\/2089"}],"wp:attachment":[{"href":"https:\/\/sylvietaboile.com\/index.php?rest_route=%2Fwp%2Fv2%2Fmedia&parent=1416"}],"curies":[{"name":"wp","href":"https:\/\/api.w.org\/{rel}","templated":true}]}}