{"id":1413,"date":"2020-01-15T17:11:38","date_gmt":"2020-01-15T16:11:38","guid":{"rendered":"http:\/\/sylvietaboile.com\/?page_id=1413"},"modified":"2023-01-03T14:05:37","modified_gmt":"2023-01-03T13:05:37","slug":"tarifs","status":"publish","type":"page","link":"https:\/\/sylvietaboile.com\/?page_id=1413","title":{"rendered":"Tarifs"},"content":{"rendered":"\n<p class=\"has-very-dark-gray-color has-very-light-gray-background-color has-text-color has-background has-medium-font-size\"><strong>Voici mes diff\u00e9rents tarifs :  <\/strong><\/p>\n\n\n\n<p class=\"has-very-dark-gray-color has-text-color\" style=\"font-size:18px\"><strong>80\u20ac<\/strong> la s\u00e9ance d\u2019hypnose adulte ou enfant, coaching global, consultation Fleurs de Bach<\/p>\n\n\n\n<p><strong>100\u20ac<\/strong> la s\u00e9ance resynchronisation couple<\/p>\n\n\n\n<p class=\"has-very-dark-gray-color has-text-color\" style=\"font-size:18px\"><strong>150\u20ac<\/strong> le sevrage tabagique<\/p>\n\n\n\n<p class=\"has-very-dark-gray-color has-text-color\" style=\"font-size:18px\"><strong>80\u20ac <\/strong>la s\u00e9ance de nutrition<\/p>\n\n\n\n<p class=\"has-black-color has-text-color\" style=\"font-size:18px\"><strong>100\u20ac <\/strong>le massage relaxant 1h30<\/p>\n\n\n\n<p class=\"has-very-dark-gray-color has-text-color\" style=\"font-size:18px\"><strong>70\u20ac<\/strong> le massage relaxant 1h<\/p>\n\n\n\n<p><strong>90\u20ac<\/strong> Massage visage Jeunesse 1h<\/p>\n\n\n\n<p class=\"has-very-dark-gray-color has-text-color\" style=\"font-size:18px\"><strong>75\u20ac<\/strong> la s\u00e9ance de r\u00e9flexologie plantaire<\/p>\n\n\n\n<p class=\"has-very-dark-gray-color has-text-color\" style=\"font-size:18px\"><strong>380\u20ac<\/strong> la conf\u00e9rence d&#8217;une dur\u00e9e de 1h30\/2h (hors frais de d\u00e9placement et\/ou d&#8217;h\u00e9bergement)<\/p>\n\n\n\n<p class=\"has-very-dark-gray-color has-text-color\" style=\"font-size:18px\"><strong>400\u20ac<\/strong> le stage \u00bd journ\u00e9e (hors frais de d\u00e9placement et\/ou d&#8217;h\u00e9bergement)<\/p>\n\n\n\n<p class=\"has-very-dark-gray-color has-text-color\" style=\"font-size:18px\"><strong>750\u20ac<\/strong> le stage d&#8217;une journ\u00e9e compl\u00e8te (hors frais de d\u00e9placement et\/ou d&#8217;h\u00e9bergement)<\/p>\n\n\n\n<p class=\"has-very-dark-gray-color has-very-light-gray-background-color has-text-color has-background has-medium-font-size\"><strong>Informations compl\u00e9mentaires<\/strong><\/p>\n\n\n\n<p class=\"has-very-dark-gray-color has-text-color\">Mes tarifs inclus&nbsp;: la pr\u00e9paration pr\u00e9alable, mon assurance professionnelle ainsi que RC et individuelle accident, les supports p\u00e9dagogiques par transmission d\u00e9mat\u00e9rialis\u00e9e, le mat\u00e9riel \u00e0 la bonne r\u00e9alisation de l\u2019atelier (r\u00e9troprojecteur, \u00e9cran, ordinateur, hauts parleurs et autres mat\u00e9riels.)<\/p>\n\n\n\n<p class=\"has-very-dark-gray-color has-text-color\"><strong>Conditions tarifaires :<\/strong><\/p>\n\n\n\n<p class=\"has-very-dark-gray-color has-text-color\">Pour les individuels, payable sur place \u00e0 la fin de la s\u00e9ance. En esp\u00e8ces, ch\u00e8que, virement<strong>.<\/strong><\/p>\n\n\n\n<p class=\"has-very-dark-gray-color has-text-color\"><strong> Je ne prends pas la carte bleue.<\/strong> <\/p>\n\n\n\n<p class=\"has-very-dark-gray-color has-text-color\">Tout rendez-vous non annul\u00e9 48h \u00e0 l\u2019avance est d\u00fb.<\/p>\n\n\n\n<p class=\"has-very-dark-gray-color has-text-color\">Pour les professionnels, les prestations sont r\u00e9serv\u00e9es sur devis, celui-ci doit \u00eatre valid\u00e9 par la signature de l\u2019acheteur. Il doit \u00eatre accompagn\u00e9 d\u2019un acompte de 30%, le solde devra \u00eatre r\u00e9gl\u00e9 7 jours avant la prestation. Toute prestation, non annul\u00e9e dans un d\u00e9lai de 15 jours, l\u2019acompte est conserv\u00e9. Dans le cas d\u2019une annulation 48h avant la totalit\u00e9 de la somme est conserv\u00e9e.<\/p>\n\n\n\n<p class=\"has-vivid-red-color has-text-color\" style=\"font-size:18px\"><strong> Prestations payables en esp\u00e8ces, ch\u00e8que ou virement. <\/strong><\/p>\n\n\n\n<p class=\"has-vivid-red-color has-text-color has-medium-font-size\"><strong>Je me r\u00e9serve le droit d\u2019annuler une prestation pour raison de sant\u00e9, intemp\u00e9ries ou accident.<\/strong><\/p>\n\n\n\n<!-- Code Crenolib Pro -->\n<a href=\"https:\/\/www.crenolib.fr\/prendre-rdv\/11002_hypnotherapeute-a-coye-la-foret\" style=\"display: block; text-align: center; background-color: #7142F5; color: #ffffff; font-size: 15px; overflow: hidden; width: 315px; height: 50px; border-bottom-right-radius: none; border-bottom-left-radius: none; position: fixed; bottom: 0; right: 5px; z-index: 1000; border-top-left-radius: 4px; border-top-right-radius: 4px; line-height: 50px;\" target=\"_blank\" class=\"crenolib\" rel=\"noopener noreferrer\">\n<span style=\"font-size: 15px;\">RDV Cabinet &amp; Visio &#8211; Crenolib.fr<\/span>\n<\/a>\n<!-- Code Crenolib Pro -->\n\n\n\n<figure class=\"wp-block-image size-large is-resized is-style-rounded\"><img loading=\"lazy\" decoding=\"async\" src=\"http:\/\/sylvietaboile.com\/wp-content\/uploads\/2021\/03\/lake-2063957_1920-1024x418.jpg\" alt=\"sylvie taboile, hypnose oise, hypnoth\u00e9rapeute oise, hypnose pour enfants, hypnose pour adolescents, s\u00e9hypnose, z\u00e9ro mental, hypnose ericksonienne,maigrir, mincir, crenolib oise, th\u00e9rapeute oise, hypnoth\u00e9rapeute chantilly, hypnoth\u00e9rapeute coye la for\u00eat, grandir, changer de vie, rupture sentimentale\" class=\"wp-image-1854\" width=\"836\" height=\"340\" srcset=\"https:\/\/sylvietaboile.com\/wp-content\/uploads\/2021\/03\/lake-2063957_1920-1024x418.jpg 1024w, https:\/\/sylvietaboile.com\/wp-content\/uploads\/2021\/03\/lake-2063957_1920-300x122.jpg 300w, https:\/\/sylvietaboile.com\/wp-content\/uploads\/2021\/03\/lake-2063957_1920-768x313.jpg 768w, https:\/\/sylvietaboile.com\/wp-content\/uploads\/2021\/03\/lake-2063957_1920-1536x626.jpg 1536w, https:\/\/sylvietaboile.com\/wp-content\/uploads\/2021\/03\/lake-2063957_1920-228x93.jpg 228w, https:\/\/sylvietaboile.com\/wp-content\/uploads\/2021\/03\/lake-2063957_1920.jpg 1920w\" sizes=\"auto, (max-width: 836px) 100vw, 836px\" \/><\/figure>\n","protected":false},"excerpt":{"rendered":"<p>Voici mes diff\u00e9rents tarifs : 80\u20ac la s\u00e9ance d\u2019hypnose adulte ou enfant, coaching global, consultation Fleurs de Bach 100\u20ac la &hellip; <a href=\"https:\/\/sylvietaboile.com\/?page_id=1413\" class=\"more-link\">Continue reading <span class=\"screen-reader-text\">Tarifs<\/span><\/a><\/p>\n","protected":false},"author":3,"featured_media":1694,"parent":0,"menu_order":0,"comment_status":"closed","ping_status":"closed","template":"","meta":{"footnotes":""},"class_list":["post-1413","page","type-page","status-publish","has-post-thumbnail","hentry"],"jetpack_sharing_enabled":true,"_links":{"self":[{"href":"https:\/\/sylvietaboile.com\/index.php?rest_route=\/wp\/v2\/pages\/1413","targetHints":{"allow":["GET"]}}],"collection":[{"href":"https:\/\/sylvietaboile.com\/index.php?rest_route=\/wp\/v2\/pages"}],"about":[{"href":"https:\/\/sylvietaboile.com\/index.php?rest_route=\/wp\/v2\/types\/page"}],"author":[{"embeddable":true,"href":"https:\/\/sylvietaboile.com\/index.php?rest_route=\/wp\/v2\/users\/3"}],"replies":[{"embeddable":true,"href":"https:\/\/sylvietaboile.com\/index.php?rest_route=%2Fwp%2Fv2%2Fcomments&post=1413"}],"version-history":[{"count":15,"href":"https:\/\/sylvietaboile.com\/index.php?rest_route=\/wp\/v2\/pages\/1413\/revisions"}],"predecessor-version":[{"id":2068,"href":"https:\/\/sylvietaboile.com\/index.php?rest_route=\/wp\/v2\/pages\/1413\/revisions\/2068"}],"wp:featuredmedia":[{"embeddable":true,"href":"https:\/\/sylvietaboile.com\/index.php?rest_route=\/wp\/v2\/media\/1694"}],"wp:attachment":[{"href":"https:\/\/sylvietaboile.com\/index.php?rest_route=%2Fwp%2Fv2%2Fmedia&parent=1413"}],"curies":[{"name":"wp","href":"https:\/\/api.w.org\/{rel}","templated":true}]}}