{"id":1401,"date":"2020-01-15T16:35:07","date_gmt":"2020-01-15T15:35:07","guid":{"rendered":"http:\/\/sylvietaboile.com\/?page_id=1401"},"modified":"2022-12-10T15:20:27","modified_gmt":"2022-12-10T14:20:27","slug":"ateliers-pour-entreprises","status":"publish","type":"page","link":"https:\/\/sylvietaboile.com\/?page_id=1401","title":{"rendered":"Ateliers pour entreprises"},"content":{"rendered":"\n<p>N&#8217;h\u00e9sitez pas \u00e0 me contacter pour toute demande de prestation en rapport avec le bien-\u00eatre, la gestion du stress, du temps, l&#8217;auto-massage, etc<\/p>\n\n\n\n<div class=\"wp-block-buttons is-layout-flex wp-block-buttons-is-layout-flex\">\n<div class=\"wp-block-button aligncenter\"><a class=\"wp-block-button__link has-cool-to-warm-spectrum-gradient-background has-background wp-element-button\"><strong>06 11 69 48 72<\/strong><\/a><\/div>\n<\/div>\n","protected":false},"excerpt":{"rendered":"<p>N&#8217;h\u00e9sitez pas \u00e0 me contacter pour toute demande de prestation en rapport avec le bien-\u00eatre, la gestion du stress, du &hellip; <a href=\"https:\/\/sylvietaboile.com\/?page_id=1401\" class=\"more-link\">Continue reading <span class=\"screen-reader-text\">Ateliers pour entreprises<\/span><\/a><\/p>\n","protected":false},"author":3,"featured_media":0,"parent":0,"menu_order":0,"comment_status":"closed","ping_status":"closed","template":"","meta":{"footnotes":""},"class_list":["post-1401","page","type-page","status-publish","hentry"],"jetpack_sharing_enabled":true,"_links":{"self":[{"href":"https:\/\/sylvietaboile.com\/index.php?rest_route=\/wp\/v2\/pages\/1401","targetHints":{"allow":["GET"]}}],"collection":[{"href":"https:\/\/sylvietaboile.com\/index.php?rest_route=\/wp\/v2\/pages"}],"about":[{"href":"https:\/\/sylvietaboile.com\/index.php?rest_route=\/wp\/v2\/types\/page"}],"author":[{"embeddable":true,"href":"https:\/\/sylvietaboile.com\/index.php?rest_route=\/wp\/v2\/users\/3"}],"replies":[{"embeddable":true,"href":"https:\/\/sylvietaboile.com\/index.php?rest_route=%2Fwp%2Fv2%2Fcomments&post=1401"}],"version-history":[{"count":4,"href":"https:\/\/sylvietaboile.com\/index.php?rest_route=\/wp\/v2\/pages\/1401\/revisions"}],"predecessor-version":[{"id":2019,"href":"https:\/\/sylvietaboile.com\/index.php?rest_route=\/wp\/v2\/pages\/1401\/revisions\/2019"}],"wp:attachment":[{"href":"https:\/\/sylvietaboile.com\/index.php?rest_route=%2Fwp%2Fv2%2Fmedia&parent=1401"}],"curies":[{"name":"wp","href":"https:\/\/api.w.org\/{rel}","templated":true}]}}