{"id":1397,"date":"2020-01-15T16:33:43","date_gmt":"2020-01-15T15:33:43","guid":{"rendered":"http:\/\/sylvietaboile.com\/?page_id=1397"},"modified":"2022-12-10T15:17:40","modified_gmt":"2022-12-10T14:17:40","slug":"ateliers","status":"publish","type":"page","link":"https:\/\/sylvietaboile.com\/?page_id=1397","title":{"rendered":"Ateliers &#038; Formations"},"content":{"rendered":"\n<p class=\"has-cool-to-warm-spectrum-gradient-background has-background\"><strong>EN ENTREPRISE<\/strong><\/p>\n\n\n\n<p>Depuis 2005, j\u2019anime des stages aupr\u00e8s d\u2019entreprises vari\u00e9es, souhaitant apporter confort et bien-\u00eatre \u00e0 ses salari\u00e9s. Les stages peuvent se d\u00e9rouler sur une dur\u00e9e variable, allant de quelques heures \u00e0 plusieurs jours.<\/p>\n\n\n\n<p>Je m\u2019adapte \u00e0 la demande, au type de salari\u00e9 afin de\nproposer des stages en ad\u00e9quation parfaite avec les besoins.<\/p>\n\n\n\n<p>Un devis pr\u00e9alable est adress\u00e9 apr\u00e8s un entretien\nt\u00e9l\u00e9phonique avec un descriptif pr\u00e9cis des prestations.<\/p>\n\n\n\n<p>Je me d\u00e9place partout en France et dans le monde et\nje parle fran\u00e7ais et anglais couramment.<\/p>\n\n\n\n<p class=\"has-cool-to-warm-spectrum-gradient-background has-background\"><strong>AUPRES DES PARTICULIERS<\/strong><\/p>\n\n\n\n<p>Sur demande, j\u2019organise des stages dans ma structure, ouverts \u00e0 tout public. <\/p>\n\n\n\n<p><\/p>\n\n\n\n<div class=\"wp-block-buttons is-layout-flex wp-block-buttons-is-layout-flex\">\n<div class=\"wp-block-button aligncenter\"><a class=\"wp-block-button__link has-cool-to-warm-spectrum-gradient-background has-background wp-element-button\">Pour tout demande de devis merci de me contacter au <strong>06 11 69 48 72<\/strong><\/a><\/div>\n<\/div>\n","protected":false},"excerpt":{"rendered":"<p>EN ENTREPRISE Depuis 2005, j\u2019anime des stages aupr\u00e8s d\u2019entreprises vari\u00e9es, souhaitant apporter confort et bien-\u00eatre \u00e0 ses salari\u00e9s. Les stages &hellip; <a href=\"https:\/\/sylvietaboile.com\/?page_id=1397\" class=\"more-link\">Continue reading <span class=\"screen-reader-text\">Ateliers &#038; Formations<\/span><\/a><\/p>\n","protected":false},"author":3,"featured_media":0,"parent":0,"menu_order":0,"comment_status":"closed","ping_status":"closed","template":"","meta":{"footnotes":""},"class_list":["post-1397","page","type-page","status-publish","hentry"],"jetpack_sharing_enabled":true,"_links":{"self":[{"href":"https:\/\/sylvietaboile.com\/index.php?rest_route=\/wp\/v2\/pages\/1397","targetHints":{"allow":["GET"]}}],"collection":[{"href":"https:\/\/sylvietaboile.com\/index.php?rest_route=\/wp\/v2\/pages"}],"about":[{"href":"https:\/\/sylvietaboile.com\/index.php?rest_route=\/wp\/v2\/types\/page"}],"author":[{"embeddable":true,"href":"https:\/\/sylvietaboile.com\/index.php?rest_route=\/wp\/v2\/users\/3"}],"replies":[{"embeddable":true,"href":"https:\/\/sylvietaboile.com\/index.php?rest_route=%2Fwp%2Fv2%2Fcomments&post=1397"}],"version-history":[{"count":5,"href":"https:\/\/sylvietaboile.com\/index.php?rest_route=\/wp\/v2\/pages\/1397\/revisions"}],"predecessor-version":[{"id":2017,"href":"https:\/\/sylvietaboile.com\/index.php?rest_route=\/wp\/v2\/pages\/1397\/revisions\/2017"}],"wp:attachment":[{"href":"https:\/\/sylvietaboile.com\/index.php?rest_route=%2Fwp%2Fv2%2Fmedia&parent=1397"}],"curies":[{"name":"wp","href":"https:\/\/api.w.org\/{rel}","templated":true}]}}