{"id":1354,"date":"2018-03-12T17:16:04","date_gmt":"2018-03-12T16:16:04","guid":{"rendered":"http:\/\/sylvietaboile.com\/?page_id=1354"},"modified":"2023-01-03T14:13:10","modified_gmt":"2023-01-03T13:13:10","slug":"therapies-manuelles","status":"publish","type":"page","link":"https:\/\/sylvietaboile.com\/?page_id=1354","title":{"rendered":"Th\u00e9rapies manuelles"},"content":{"rendered":"\n<p class=\"has-very-dark-gray-color has-very-light-gray-background-color has-text-color has-background has-medium-font-size\"><strong>Besoin de vous d\u00e9tendre?<\/strong><\/p>\n\n\n\n<p>En tant que naturopathe, j&#8217;ai \u00e9t\u00e9 form\u00e9 aux th\u00e9rapies manuelles relaxantes et je vous propose diff\u00e9rentes options pour commencer ou finir votre journ\u00e9e ou votre semaine en beaut\u00e9&#8230;<\/p>\n\n\n\n<p>Tous les massages relaxants sont effectu\u00e9s avec une huile de base biologique et toutes les huiles essentielles sont, elles aussi biologiques. Pendant l&#8217;hiver, <strong>la table est chauffante <\/strong>pour vous assurer un confort exceptionnel.<\/p>\n\n\n\n<p><strong>Massage relaxant bien-\u00eatre 1h30<\/strong>: massage profond de la t\u00eate aux pieds<\/p>\n\n\n\n<p><strong>Massage relaxant bien- \u00eatre 1h<\/strong>: Au choix dos jambes pieds, visage dos pieds, t\u00eate bras main dos&#8230;<\/p>\n\n\n\n<p><strong>R\u00e9flexologie plantaire 1h<\/strong>: Massage r\u00e9flexe des pieds qui aide \u00e0 se ressourcer, qui  r\u00e9harmonise le syst\u00e8me nerveux ainsi que la vitalit\u00e9 globale.<\/p>\n\n\n\n<p><strong>Massage visage jeunesse 1h<\/strong>: par des techniques de pression sur certains points d&#8217;acupuncture, des vibrations et des effleurages permettant une relaxation profonde de la t\u00eate, du visage et du cou.<\/p>\n\n\n\n<p>Une am\u00e9lioration est notable ai niveau de la qualit\u00e9 de la peau <\/p>\n\n\n\n<p><strong>Aucun de ces massages n&#8217;incluent les parties g\u00e9nitales<\/strong>.(NB: Messieurs, si vous souhaitez des finitions, je vous conseille de vous adresser \u00e0 une professionnelle en camion ou mieux encore \u00e0 votre femme si vous en avez une. A bon entendeur&#8230;).<\/p>\n\n\n\n<div class=\"wp-block-jetpack-slideshow aligncenter r\u00e9flexologie plantaire hypnose  massage profond, huiles essentielles biologiques se d\u00e9tendre, bien-\u00eatre relaxant assis tensions musculaires coaching couple, coup de foudre, \u00e9motions, gestion des stress d\u00e9tendre savoir g\u00e9rer ses \u00e9motions th\u00e9rapeute chantilly, hypnoth\u00e9rapeute oise, crenolib s\u00e9rieuse bienveillance, lamorlaye, senlis, fosses, pontarm\u00e9, la chappelle en serval, orry ville\" data-autoplay=\"true\" data-delay=\"2\" data-effect=\"fade\"><div class=\"wp-block-jetpack-slideshow_container swiper-container\"><ul class=\"wp-block-jetpack-slideshow_swiper-wrapper swiper-wrapper\"><li class=\"wp-block-jetpack-slideshow_slide swiper-slide\"><figure><img loading=\"lazy\" decoding=\"async\" width=\"1024\" height=\"1024\" alt=\"\" class=\"wp-block-jetpack-slideshow_image wp-image-1973\" data-id=\"1973\" src=\"https:\/\/sylvietaboile.com\/wp-content\/uploads\/2022\/09\/ED499435-748F-454C-8107-9148B008E304-1024x1024.jpg\" srcset=\"https:\/\/sylvietaboile.com\/wp-content\/uploads\/2022\/09\/ED499435-748F-454C-8107-9148B008E304-1024x1024.jpg 1024w, https:\/\/sylvietaboile.com\/wp-content\/uploads\/2022\/09\/ED499435-748F-454C-8107-9148B008E304-300x300.jpg 300w, https:\/\/sylvietaboile.com\/wp-content\/uploads\/2022\/09\/ED499435-748F-454C-8107-9148B008E304-150x150.jpg 150w, https:\/\/sylvietaboile.com\/wp-content\/uploads\/2022\/09\/ED499435-748F-454C-8107-9148B008E304-768x768.jpg 768w, https:\/\/sylvietaboile.com\/wp-content\/uploads\/2022\/09\/ED499435-748F-454C-8107-9148B008E304-116x116.jpg 116w, https:\/\/sylvietaboile.com\/wp-content\/uploads\/2022\/09\/ED499435-748F-454C-8107-9148B008E304-50x50.jpg 50w, https:\/\/sylvietaboile.com\/wp-content\/uploads\/2022\/09\/ED499435-748F-454C-8107-9148B008E304.jpg 1080w\" sizes=\"(max-width: 1024px) 100vw, 1024px\" \/><figcaption class=\"wp-block-jetpack-slideshow_caption gallery-caption\">Pas besoin d&#8217;aller si loin pour vous d\u00e9tendre<\/figcaption><\/figure><\/li><li class=\"wp-block-jetpack-slideshow_slide swiper-slide\"><figure><img loading=\"lazy\" decoding=\"async\" width=\"680\" height=\"1024\" alt=\"\" class=\"wp-block-jetpack-slideshow_image wp-image-2041\" data-id=\"2041\" src=\"https:\/\/sylvietaboile.com\/wp-content\/uploads\/2022\/12\/foot-massage-2133279_1920-680x1024.jpg\" srcset=\"https:\/\/sylvietaboile.com\/wp-content\/uploads\/2022\/12\/foot-massage-2133279_1920-680x1024.jpg 680w, https:\/\/sylvietaboile.com\/wp-content\/uploads\/2022\/12\/foot-massage-2133279_1920-199x300.jpg 199w, https:\/\/sylvietaboile.com\/wp-content\/uploads\/2022\/12\/foot-massage-2133279_1920-768x1157.jpg 768w, https:\/\/sylvietaboile.com\/wp-content\/uploads\/2022\/12\/foot-massage-2133279_1920-1020x1536.jpg 1020w, https:\/\/sylvietaboile.com\/wp-content\/uploads\/2022\/12\/foot-massage-2133279_1920-77x116.jpg 77w, https:\/\/sylvietaboile.com\/wp-content\/uploads\/2022\/12\/foot-massage-2133279_1920.jpg 1275w\" sizes=\"(max-width: 680px) 100vw, 680px\" \/><figcaption class=\"wp-block-jetpack-slideshow_caption gallery-caption\">R\u00e9flexologie plantaire<\/figcaption><\/figure><\/li><li class=\"wp-block-jetpack-slideshow_slide swiper-slide\"><figure><img loading=\"lazy\" decoding=\"async\" width=\"1024\" height=\"683\" alt=\"\" class=\"wp-block-jetpack-slideshow_image wp-image-2042\" data-id=\"2042\" src=\"https:\/\/sylvietaboile.com\/wp-content\/uploads\/2022\/12\/massage-3795691_1920-1024x683.jpg\" srcset=\"https:\/\/sylvietaboile.com\/wp-content\/uploads\/2022\/12\/massage-3795691_1920-1024x683.jpg 1024w, https:\/\/sylvietaboile.com\/wp-content\/uploads\/2022\/12\/massage-3795691_1920-300x200.jpg 300w, https:\/\/sylvietaboile.com\/wp-content\/uploads\/2022\/12\/massage-3795691_1920-768x512.jpg 768w, https:\/\/sylvietaboile.com\/wp-content\/uploads\/2022\/12\/massage-3795691_1920-1536x1024.jpg 1536w, https:\/\/sylvietaboile.com\/wp-content\/uploads\/2022\/12\/massage-3795691_1920-174x116.jpg 174w, https:\/\/sylvietaboile.com\/wp-content\/uploads\/2022\/12\/massage-3795691_1920.jpg 1920w\" sizes=\"(max-width: 1024px) 100vw, 1024px\" \/><figcaption class=\"wp-block-jetpack-slideshow_caption gallery-caption\">Massage profond de d\u00e9tente<\/figcaption><\/figure><\/li><li class=\"wp-block-jetpack-slideshow_slide swiper-slide\"><figure><img loading=\"lazy\" decoding=\"async\" width=\"1024\" height=\"683\" alt=\"\" class=\"wp-block-jetpack-slideshow_image wp-image-2043\" data-id=\"2043\" src=\"https:\/\/sylvietaboile.com\/wp-content\/uploads\/2022\/12\/weight-loss-gff6dae1aa_1920-1024x683.jpg\" srcset=\"https:\/\/sylvietaboile.com\/wp-content\/uploads\/2022\/12\/weight-loss-gff6dae1aa_1920-1024x683.jpg 1024w, https:\/\/sylvietaboile.com\/wp-content\/uploads\/2022\/12\/weight-loss-gff6dae1aa_1920-300x200.jpg 300w, https:\/\/sylvietaboile.com\/wp-content\/uploads\/2022\/12\/weight-loss-gff6dae1aa_1920-768x512.jpg 768w, https:\/\/sylvietaboile.com\/wp-content\/uploads\/2022\/12\/weight-loss-gff6dae1aa_1920-1536x1024.jpg 1536w, https:\/\/sylvietaboile.com\/wp-content\/uploads\/2022\/12\/weight-loss-gff6dae1aa_1920-174x116.jpg 174w, https:\/\/sylvietaboile.com\/wp-content\/uploads\/2022\/12\/weight-loss-gff6dae1aa_1920.jpg 1920w\" sizes=\"(max-width: 1024px) 100vw, 1024px\" \/><figcaption class=\"wp-block-jetpack-slideshow_caption gallery-caption\">Massage minceur<\/figcaption><\/figure><\/li><li class=\"wp-block-jetpack-slideshow_slide swiper-slide\"><figure><img loading=\"lazy\" decoding=\"async\" width=\"1024\" height=\"683\" alt=\"\" class=\"wp-block-jetpack-slideshow_image wp-image-1839\" data-id=\"1839\" src=\"https:\/\/sylvietaboile.com\/wp-content\/uploads\/2021\/03\/oil-1370569_1920-1-1024x683.jpg\" srcset=\"https:\/\/sylvietaboile.com\/wp-content\/uploads\/2021\/03\/oil-1370569_1920-1-1024x683.jpg 1024w, https:\/\/sylvietaboile.com\/wp-content\/uploads\/2021\/03\/oil-1370569_1920-1-300x200.jpg 300w, https:\/\/sylvietaboile.com\/wp-content\/uploads\/2021\/03\/oil-1370569_1920-1-768x512.jpg 768w, https:\/\/sylvietaboile.com\/wp-content\/uploads\/2021\/03\/oil-1370569_1920-1-1536x1024.jpg 1536w, https:\/\/sylvietaboile.com\/wp-content\/uploads\/2021\/03\/oil-1370569_1920-1-174x116.jpg 174w, https:\/\/sylvietaboile.com\/wp-content\/uploads\/2021\/03\/oil-1370569_1920-1.jpg 1920w\" sizes=\"(max-width: 1024px) 100vw, 1024px\" \/><figcaption class=\"wp-block-jetpack-slideshow_caption gallery-caption\">Des huiles essentielles biologiques<\/figcaption><\/figure><\/li><li class=\"wp-block-jetpack-slideshow_slide swiper-slide\"><figure><img loading=\"lazy\" decoding=\"async\" width=\"683\" height=\"1024\" alt=\"\" class=\"wp-block-jetpack-slideshow_image wp-image-1813\" data-id=\"1813\" src=\"https:\/\/sylvietaboile.com\/wp-content\/uploads\/2021\/03\/pexels-arina-krasnikova-6664045-683x1024.jpg\" srcset=\"https:\/\/sylvietaboile.com\/wp-content\/uploads\/2021\/03\/pexels-arina-krasnikova-6664045-683x1024.jpg 683w, https:\/\/sylvietaboile.com\/wp-content\/uploads\/2021\/03\/pexels-arina-krasnikova-6664045-200x300.jpg 200w, https:\/\/sylvietaboile.com\/wp-content\/uploads\/2021\/03\/pexels-arina-krasnikova-6664045-768x1151.jpg 768w, https:\/\/sylvietaboile.com\/wp-content\/uploads\/2021\/03\/pexels-arina-krasnikova-6664045-1025x1536.jpg 1025w, https:\/\/sylvietaboile.com\/wp-content\/uploads\/2021\/03\/pexels-arina-krasnikova-6664045-1367x2048.jpg 1367w, https:\/\/sylvietaboile.com\/wp-content\/uploads\/2021\/03\/pexels-arina-krasnikova-6664045-77x116.jpg 77w, https:\/\/sylvietaboile.com\/wp-content\/uploads\/2021\/03\/pexels-arina-krasnikova-6664045-scaled.jpg 1709w\" sizes=\"(max-width: 683px) 100vw, 683px\" \/><figcaption class=\"wp-block-jetpack-slideshow_caption gallery-caption\">Kobido<\/figcaption><\/figure><\/li><li class=\"wp-block-jetpack-slideshow_slide swiper-slide\"><figure><img loading=\"lazy\" decoding=\"async\" width=\"683\" height=\"1024\" alt=\"\" class=\"wp-block-jetpack-slideshow_image wp-image-1679\" data-id=\"1679\" src=\"https:\/\/sylvietaboile.com\/wp-content\/uploads\/2020\/02\/shield-870244_1920-683x1024.jpg\" srcset=\"https:\/\/sylvietaboile.com\/wp-content\/uploads\/2020\/02\/shield-870244_1920-683x1024.jpg 683w, https:\/\/sylvietaboile.com\/wp-content\/uploads\/2020\/02\/shield-870244_1920-200x300.jpg 200w, https:\/\/sylvietaboile.com\/wp-content\/uploads\/2020\/02\/shield-870244_1920-768x1152.jpg 768w, https:\/\/sylvietaboile.com\/wp-content\/uploads\/2020\/02\/shield-870244_1920-1024x1536.jpg 1024w, https:\/\/sylvietaboile.com\/wp-content\/uploads\/2020\/02\/shield-870244_1920-77x116.jpg 77w, https:\/\/sylvietaboile.com\/wp-content\/uploads\/2020\/02\/shield-870244_1920.jpg 1280w\" sizes=\"(max-width: 683px) 100vw, 683px\" \/><\/figure><\/li><li class=\"wp-block-jetpack-slideshow_slide swiper-slide\"><figure><img loading=\"lazy\" decoding=\"async\" width=\"1024\" height=\"683\" alt=\"\" class=\"wp-block-jetpack-slideshow_image wp-image-1680\" data-id=\"1680\" src=\"https:\/\/sylvietaboile.com\/wp-content\/uploads\/2020\/02\/massage-3795692_1920-1024x683.jpg\" srcset=\"https:\/\/sylvietaboile.com\/wp-content\/uploads\/2020\/02\/massage-3795692_1920-1024x683.jpg 1024w, https:\/\/sylvietaboile.com\/wp-content\/uploads\/2020\/02\/massage-3795692_1920-300x200.jpg 300w, https:\/\/sylvietaboile.com\/wp-content\/uploads\/2020\/02\/massage-3795692_1920-768x512.jpg 768w, https:\/\/sylvietaboile.com\/wp-content\/uploads\/2020\/02\/massage-3795692_1920-1536x1024.jpg 1536w, https:\/\/sylvietaboile.com\/wp-content\/uploads\/2020\/02\/massage-3795692_1920-174x116.jpg 174w, https:\/\/sylvietaboile.com\/wp-content\/uploads\/2020\/02\/massage-3795692_1920.jpg 1920w\" sizes=\"(max-width: 1024px) 100vw, 1024px\" \/><figcaption class=\"wp-block-jetpack-slideshow_caption gallery-caption\">Massage Tuina<\/figcaption><\/figure><\/li><li class=\"wp-block-jetpack-slideshow_slide swiper-slide\"><figure><img loading=\"lazy\" decoding=\"async\" width=\"1024\" height=\"683\" alt=\"\" class=\"wp-block-jetpack-slideshow_image wp-image-1678\" data-id=\"1678\" src=\"https:\/\/sylvietaboile.com\/wp-content\/uploads\/2020\/02\/wellness-5132408_1920-1024x683.jpg\" srcset=\"https:\/\/sylvietaboile.com\/wp-content\/uploads\/2020\/02\/wellness-5132408_1920-1024x683.jpg 1024w, https:\/\/sylvietaboile.com\/wp-content\/uploads\/2020\/02\/wellness-5132408_1920-300x200.jpg 300w, https:\/\/sylvietaboile.com\/wp-content\/uploads\/2020\/02\/wellness-5132408_1920-768x512.jpg 768w, https:\/\/sylvietaboile.com\/wp-content\/uploads\/2020\/02\/wellness-5132408_1920-1536x1024.jpg 1536w, https:\/\/sylvietaboile.com\/wp-content\/uploads\/2020\/02\/wellness-5132408_1920-174x116.jpg 174w, https:\/\/sylvietaboile.com\/wp-content\/uploads\/2020\/02\/wellness-5132408_1920.jpg 1920w\" sizes=\"(max-width: 1024px) 100vw, 1024px\" \/><figcaption class=\"wp-block-jetpack-slideshow_caption gallery-caption\">R\u00e9flexologie planatire<\/figcaption><\/figure><\/li><li class=\"wp-block-jetpack-slideshow_slide swiper-slide\"><figure><img loading=\"lazy\" decoding=\"async\" width=\"1024\" height=\"683\" alt=\"auto-massage do-in\" class=\"wp-block-jetpack-slideshow_image wp-image-1683\" data-id=\"1683\" src=\"https:\/\/sylvietaboile.com\/wp-content\/uploads\/2020\/02\/self-care-5126774_1920-1024x683.jpg\" srcset=\"https:\/\/sylvietaboile.com\/wp-content\/uploads\/2020\/02\/self-care-5126774_1920-1024x683.jpg 1024w, https:\/\/sylvietaboile.com\/wp-content\/uploads\/2020\/02\/self-care-5126774_1920-300x200.jpg 300w, https:\/\/sylvietaboile.com\/wp-content\/uploads\/2020\/02\/self-care-5126774_1920-768x512.jpg 768w, https:\/\/sylvietaboile.com\/wp-content\/uploads\/2020\/02\/self-care-5126774_1920-1536x1024.jpg 1536w, https:\/\/sylvietaboile.com\/wp-content\/uploads\/2020\/02\/self-care-5126774_1920-174x116.jpg 174w, https:\/\/sylvietaboile.com\/wp-content\/uploads\/2020\/02\/self-care-5126774_1920.jpg 1920w\" sizes=\"(max-width: 1024px) 100vw, 1024px\" \/><figcaption class=\"wp-block-jetpack-slideshow_caption gallery-caption\">Massage des pieds<\/figcaption><\/figure><\/li><li class=\"wp-block-jetpack-slideshow_slide swiper-slide\"><figure><img loading=\"lazy\" decoding=\"async\" width=\"1024\" height=\"685\" alt=\"\" class=\"wp-block-jetpack-slideshow_image wp-image-1682\" data-id=\"1682\" src=\"https:\/\/sylvietaboile.com\/wp-content\/uploads\/2020\/02\/massage-389716_1920-1024x685.jpg\" srcset=\"https:\/\/sylvietaboile.com\/wp-content\/uploads\/2020\/02\/massage-389716_1920-1024x685.jpg 1024w, https:\/\/sylvietaboile.com\/wp-content\/uploads\/2020\/02\/massage-389716_1920-300x201.jpg 300w, https:\/\/sylvietaboile.com\/wp-content\/uploads\/2020\/02\/massage-389716_1920-768x514.jpg 768w, https:\/\/sylvietaboile.com\/wp-content\/uploads\/2020\/02\/massage-389716_1920-1536x1028.jpg 1536w, https:\/\/sylvietaboile.com\/wp-content\/uploads\/2020\/02\/massage-389716_1920-173x116.jpg 173w, https:\/\/sylvietaboile.com\/wp-content\/uploads\/2020\/02\/massage-389716_1920.jpg 1920w\" sizes=\"(max-width: 1024px) 100vw, 1024px\" \/><figcaption class=\"wp-block-jetpack-slideshow_caption gallery-caption\">Massage relaxant bien-\u00eatre<\/figcaption><\/figure><\/li><li class=\"wp-block-jetpack-slideshow_slide swiper-slide\"><figure><img loading=\"lazy\" decoding=\"async\" width=\"300\" height=\"200\" alt=\"\" class=\"wp-block-jetpack-slideshow_image wp-image-2045\" data-id=\"2045\" src=\"https:\/\/sylvietaboile.com\/wp-content\/uploads\/2022\/12\/istockphoto-1316390190-170667a-1-300x200.jpg\" srcset=\"https:\/\/sylvietaboile.com\/wp-content\/uploads\/2022\/12\/istockphoto-1316390190-170667a-1-300x200.jpg 300w, https:\/\/sylvietaboile.com\/wp-content\/uploads\/2022\/12\/istockphoto-1316390190-170667a-1-174x116.jpg 174w, https:\/\/sylvietaboile.com\/wp-content\/uploads\/2022\/12\/istockphoto-1316390190-170667a-1.jpg 509w\" sizes=\"(max-width: 300px) 100vw, 300px\" \/><figcaption class=\"wp-block-jetpack-slideshow_caption gallery-caption\">Massage du visage Jeunesse<\/figcaption><\/figure><\/li><li class=\"wp-block-jetpack-slideshow_slide swiper-slide\"><figure><img loading=\"lazy\" decoding=\"async\" width=\"1024\" height=\"683\" alt=\"\" class=\"wp-block-jetpack-slideshow_image wp-image-2046\" data-id=\"2046\" src=\"https:\/\/sylvietaboile.com\/wp-content\/uploads\/2022\/12\/massage-of-face-1024x683.jpg\" srcset=\"https:\/\/sylvietaboile.com\/wp-content\/uploads\/2022\/12\/massage-of-face-1024x683.jpg 1024w, https:\/\/sylvietaboile.com\/wp-content\/uploads\/2022\/12\/massage-of-face-300x200.jpg 300w, https:\/\/sylvietaboile.com\/wp-content\/uploads\/2022\/12\/massage-of-face-768x512.jpg 768w, https:\/\/sylvietaboile.com\/wp-content\/uploads\/2022\/12\/massage-of-face-1536x1024.jpg 1536w, https:\/\/sylvietaboile.com\/wp-content\/uploads\/2022\/12\/massage-of-face-2048x1365.jpg 2048w, https:\/\/sylvietaboile.com\/wp-content\/uploads\/2022\/12\/massage-of-face-174x116.jpg 174w\" sizes=\"(max-width: 1024px) 100vw, 1024px\" \/><figcaption class=\"wp-block-jetpack-slideshow_caption gallery-caption\">Massage visage<\/figcaption><\/figure><\/li><\/ul><a class=\"wp-block-jetpack-slideshow_button-prev swiper-button-prev swiper-button-white\" role=\"button\"><\/a><a class=\"wp-block-jetpack-slideshow_button-next swiper-button-next swiper-button-white\" role=\"button\"><\/a><a aria-label=\"Pause Slideshow\" class=\"wp-block-jetpack-slideshow_button-pause\" role=\"button\"><\/a><div class=\"wp-block-jetpack-slideshow_pagination swiper-pagination swiper-pagination-white\"><\/div><\/div><\/div>\n","protected":false},"excerpt":{"rendered":"<p>Besoin de vous d\u00e9tendre? En tant que naturopathe, j&#8217;ai \u00e9t\u00e9 form\u00e9 aux th\u00e9rapies manuelles relaxantes et je vous propose diff\u00e9rentes &hellip; <a href=\"https:\/\/sylvietaboile.com\/?page_id=1354\" class=\"more-link\">Continue reading <span class=\"screen-reader-text\">Th\u00e9rapies manuelles<\/span><\/a><\/p>\n","protected":false},"author":2,"featured_media":1806,"parent":0,"menu_order":0,"comment_status":"closed","ping_status":"closed","template":"","meta":{"footnotes":""},"class_list":["post-1354","page","type-page","status-publish","has-post-thumbnail","hentry"],"jetpack_sharing_enabled":true,"_links":{"self":[{"href":"https:\/\/sylvietaboile.com\/index.php?rest_route=\/wp\/v2\/pages\/1354","targetHints":{"allow":["GET"]}}],"collection":[{"href":"https:\/\/sylvietaboile.com\/index.php?rest_route=\/wp\/v2\/pages"}],"about":[{"href":"https:\/\/sylvietaboile.com\/index.php?rest_route=\/wp\/v2\/types\/page"}],"author":[{"embeddable":true,"href":"https:\/\/sylvietaboile.com\/index.php?rest_route=\/wp\/v2\/users\/2"}],"replies":[{"embeddable":true,"href":"https:\/\/sylvietaboile.com\/index.php?rest_route=%2Fwp%2Fv2%2Fcomments&post=1354"}],"version-history":[{"count":12,"href":"https:\/\/sylvietaboile.com\/index.php?rest_route=\/wp\/v2\/pages\/1354\/revisions"}],"predecessor-version":[{"id":2070,"href":"https:\/\/sylvietaboile.com\/index.php?rest_route=\/wp\/v2\/pages\/1354\/revisions\/2070"}],"wp:featuredmedia":[{"embeddable":true,"href":"https:\/\/sylvietaboile.com\/index.php?rest_route=\/wp\/v2\/media\/1806"}],"wp:attachment":[{"href":"https:\/\/sylvietaboile.com\/index.php?rest_route=%2Fwp%2Fv2%2Fmedia&parent=1354"}],"curies":[{"name":"wp","href":"https:\/\/api.w.org\/{rel}","templated":true}]}}