{"id":1350,"date":"2018-03-12T17:16:04","date_gmt":"2018-03-12T16:16:04","guid":{"rendered":"http:\/\/sylvietaboile.com\/?page_id=1350"},"modified":"2023-01-03T12:58:59","modified_gmt":"2023-01-03T11:58:59","slug":"hypnose","status":"publish","type":"page","link":"https:\/\/sylvietaboile.com\/?page_id=1350","title":{"rendered":"Hypnose"},"content":{"rendered":"\n<p class=\"has-very-dark-gray-color has-very-light-gray-background-color has-text-color has-background has-medium-font-size\"><strong>Qu&#8217;est-ce que l&#8217;hypnose ?<\/strong><\/p>\n\n\n\n<p class=\"has-very-dark-gray-color has-text-color\">L&#8217;Hypnose est un \u00e9tat naturel, pratiqu\u00e9 par chacun d&#8217;entre nous \u00e0 environ 90% de la journ\u00e9e. Gr\u00e2ce \u00e0 certaines techniques, il est possible de retrouver cet \u00e9tat et de changer certaines choses de mani\u00e8re positive, \u00e0 l&#8217;int\u00e9rieur de nous-m\u00eame.<\/p>\n\n\n\n<p class=\"has-very-dark-gray-color has-text-color\">Milton Erickson est l&#8217;un des premiers th\u00e9rapeutes \u00e0 avoir utiliser des techniques pr\u00e9cises pour acc\u00e9der au changement et \u00e0 permettre \u00e0 des consultants de progresser dans leur vie.<\/p>\n\n\n\n<p class=\"has-very-dark-gray-color has-very-light-gray-background-color has-text-color has-background has-medium-font-size\"><strong>Pour qui ?<\/strong><\/p>\n\n\n\n<p class=\"has-very-dark-gray-color has-text-color\">Pour toute personne souhaitant modifier un comportement qu&#8217;elle juge probl\u00e9matique pour elle.<\/p>\n\n\n\n<ul class=\"wp-block-list\">\n<li>Enfants au dessus de 3 ans<\/li>\n\n\n\n<li>Adolescents<\/li>\n\n\n\n<li>Adultes<\/li>\n<\/ul>\n\n\n\n<p class=\"has-very-dark-gray-color has-very-light-gray-background-color has-text-color has-background has-medium-font-size\"><strong>Pour quoi<\/strong> <strong>?<\/strong><\/p>\n\n\n\n<ul class=\"wp-block-list\">\n<li>Stress<\/li>\n\n\n\n<li>Confiance en soi<\/li>\n\n\n\n<li>Phobies<\/li>\n\n\n\n<li>Chocs \u00e9motionnels<\/li>\n\n\n\n<li>Sommeil<\/li>\n\n\n\n<li>Deuil<\/li>\n\n\n\n<li>D\u00e9pression<\/li>\n\n\n\n<li>Sevrage tabagique<\/li>\n\n\n\n<li>Poids<\/li>\n\n\n\n<li>Apprentissages scolaires<\/li>\n\n\n\n<li>etc&#8230;<\/li>\n<\/ul>\n\n\n\n<p class=\"has-very-dark-gray-color has-very-light-gray-background-color has-text-color has-background has-medium-font-size\"><strong>Les s\u00e9ances<\/strong><\/p>\n\n\n\n<p class=\"has-very-dark-gray-color has-text-color\">Chaque personne \u00e9tant unique, les outils utilis\u00e9s seront personnalis\u00e9s et adapt\u00e9s en fonction des probl\u00e9matiques \u00e0 g\u00e9rer. En moyenne, les s\u00e9ances durent 1h. Le nombre de s\u00e9ances est \u00e0 d\u00e9finir en fonction de la probl\u00e9matique.<\/p>\n\n\n\n<p class=\"has-very-dark-gray-color has-very-light-gray-background-color has-text-color has-background has-medium-font-size\"><strong>Ma boite \u00e0 outils<\/strong><\/p>\n\n\n\n<ul class=\"wp-block-list\">\n<li>Hypnose Ericksonienne<\/li>\n\n\n\n<li>Hypnose rapide<\/li>\n\n\n\n<li>PNL ( programmation neuro-linguistique)<\/li>\n\n\n\n<li>Hypnose conversationnelle<\/li>\n\n\n\n<li>Z\u00e9ro Mental\u00a9<\/li>\n\n\n\n<li>Lecture visage<\/li>\n\n\n\n<li>Etc&#8230;<\/li>\n<\/ul>\n\n\n\n<p class=\"has-very-dark-gray-color has-very-light-gray-background-color has-text-color has-background has-medium-font-size\"><strong>Mes formateurs<\/strong><\/p>\n\n\n\n<ul class=\"wp-block-list\">\n<li>Kevin Finel (Arche Hypnose)<\/li>\n\n\n\n<li>Richard Bandler (Cr\u00e9ateur de la PNL)<\/li>\n\n\n\n<li>Fr\u00e9d\u00e9ric Vincent ( Institut Z\u00e9ro Mental\u00ae )<\/li>\n\n\n\n<li>Gorgio Nardone ( Directeur du Centre de Th\u00e9rapies strat\u00e9giques d&#8217;Arezzo, Italie)<\/li>\n\n\n\n<li>Fr\u00e9d\u00e9rique Marrissal et Peggy Chaperon ( Hypnose Enfants et Adolescents)<\/li>\n\n\n\n<li>Jean Fran\u00e7ois Hirsch et Mourad Tahir ( Lecture des micro-expressions faciales selon la M\u00e9thode de Paul Eckman)<\/li>\n<\/ul>\n\n\n\n<figure class=\"wp-block-image size-large\"><img loading=\"lazy\" decoding=\"async\" width=\"1024\" height=\"576\" src=\"http:\/\/sylvietaboile.com\/wp-content\/uploads\/2021\/01\/wave-1905610_1280-1024x576.jpg\" alt=\"hypnose ericksonienne, sylvie taboile, pnl, hypnose pour maigrir, hypnose pour dormir, naturopathe, phytoth\u00e9rapie, hypnoth\u00e9rapie, hypnose pour arreter de fumer, r\u00e9solution, enfants heureux, difficult\u00e9s scolaire, arreter de fumer, hypnose perte de poids, coye la foret, chantilly, th\u00e9rapeute chantilly, hypnoth\u00e9rapeute chantilly, Lamorlaye, orry la ville, senlis\" class=\"wp-image-1599\" srcset=\"https:\/\/sylvietaboile.com\/wp-content\/uploads\/2021\/01\/wave-1905610_1280-1024x576.jpg 1024w, https:\/\/sylvietaboile.com\/wp-content\/uploads\/2021\/01\/wave-1905610_1280-300x169.jpg 300w, https:\/\/sylvietaboile.com\/wp-content\/uploads\/2021\/01\/wave-1905610_1280-768x432.jpg 768w, https:\/\/sylvietaboile.com\/wp-content\/uploads\/2021\/01\/wave-1905610_1280-206x116.jpg 206w, https:\/\/sylvietaboile.com\/wp-content\/uploads\/2021\/01\/wave-1905610_1280.jpg 1280w\" sizes=\"auto, (max-width: 1024px) 100vw, 1024px\" \/><\/figure>\n\n\n\n<div class=\"wp-block-buttons is-layout-flex wp-block-buttons-is-layout-flex\"><\/div>\n\n\n\n<!-- Code Crenolib Pro -->\n<a href=\"https:\/\/www.crenolib.fr\/prendre-rdv\/11002_hypnotherapeute-a-coye-la-foret\" style=\"display: block; text-align: center; background-color: #7142F5; color: #ffffff; font-size: 15px; overflow: hidden; width: 315px; height: 50px; border-bottom-right-radius: none; border-bottom-left-radius: none; position: fixed; bottom: 0; right: 5px; z-index: 1000; border-top-left-radius: 4px; border-top-right-radius: 4px; line-height: 50px;\" target=\"_blank\" class=\"crenolib\" rel=\"noopener noreferrer\">\n<span style=\"font-size: 15px;\">RDV Cabinet &amp; Visio &#8211; Crenolib.fr<\/span>\n<\/a>\n<!-- Code Crenolib Pro -->\n","protected":false},"excerpt":{"rendered":"<p>Qu&#8217;est-ce que l&#8217;hypnose ? L&#8217;Hypnose est un \u00e9tat naturel, pratiqu\u00e9 par chacun d&#8217;entre nous \u00e0 environ 90% de la journ\u00e9e. &hellip; <a href=\"https:\/\/sylvietaboile.com\/?page_id=1350\" class=\"more-link\">Continue reading <span class=\"screen-reader-text\">Hypnose<\/span><\/a><\/p>\n","protected":false},"author":2,"featured_media":1547,"parent":0,"menu_order":0,"comment_status":"closed","ping_status":"closed","template":"","meta":{"footnotes":""},"class_list":["post-1350","page","type-page","status-publish","has-post-thumbnail","hentry"],"jetpack_sharing_enabled":true,"_links":{"self":[{"href":"https:\/\/sylvietaboile.com\/index.php?rest_route=\/wp\/v2\/pages\/1350","targetHints":{"allow":["GET"]}}],"collection":[{"href":"https:\/\/sylvietaboile.com\/index.php?rest_route=\/wp\/v2\/pages"}],"about":[{"href":"https:\/\/sylvietaboile.com\/index.php?rest_route=\/wp\/v2\/types\/page"}],"author":[{"embeddable":true,"href":"https:\/\/sylvietaboile.com\/index.php?rest_route=\/wp\/v2\/users\/2"}],"replies":[{"embeddable":true,"href":"https:\/\/sylvietaboile.com\/index.php?rest_route=%2Fwp%2Fv2%2Fcomments&post=1350"}],"version-history":[{"count":23,"href":"https:\/\/sylvietaboile.com\/index.php?rest_route=\/wp\/v2\/pages\/1350\/revisions"}],"predecessor-version":[{"id":2053,"href":"https:\/\/sylvietaboile.com\/index.php?rest_route=\/wp\/v2\/pages\/1350\/revisions\/2053"}],"wp:featuredmedia":[{"embeddable":true,"href":"https:\/\/sylvietaboile.com\/index.php?rest_route=\/wp\/v2\/media\/1547"}],"wp:attachment":[{"href":"https:\/\/sylvietaboile.com\/index.php?rest_route=%2Fwp%2Fv2%2Fmedia&parent=1350"}],"curies":[{"name":"wp","href":"https:\/\/api.w.org\/{rel}","templated":true}]}}