{"id":1257,"date":"2023-06-19T10:58:03","date_gmt":"2023-06-19T08:58:03","guid":{"rendered":"http:\/\/demos.famethemes.com\/onepress\/?page_id=24"},"modified":"2023-06-19T11:22:28","modified_gmt":"2023-06-19T09:22:28","slug":"service-title-2","status":"publish","type":"page","link":"https:\/\/sylvietaboile.com\/?page_id=1257","title":{"rendered":"Atelier gestion du stress"},"content":{"rendered":"<p>Je vous propose des ateliers de Gestion du stress o\u00f9 nous verrons diff\u00e9rentes techniques de relaxation et de d\u00e9tente utilisables au quotidien.<\/p>\n<p>En utilisant des jeux, des quizz vous apprendrez \u00e0 mieux g\u00e9rer vos \u00e9motions et votre stress<\/p>\n<p>Par groupes de 5 \u00e0 50 personnes.<\/p>\n<p>Tarif sur demande au 06 1169 48 72<\/p>\n\n\n<figure class=\"wp-block-image size-large\"><img loading=\"lazy\" decoding=\"async\" width=\"698\" height=\"1024\" src=\"http:\/\/sylvietaboile.com\/wp-content\/uploads\/2023\/06\/underwater-4286600_1280-_1_-698x1024.webp\" alt=\"Atelier gestion du stress, atelier relaxation, apprendre \u00e0 bien respirer, atelier pour entreprise, semaine du bien \u00eatre au travail, coh\u00e9sion d'entreprise\" class=\"wp-image-2127\" srcset=\"https:\/\/sylvietaboile.com\/wp-content\/uploads\/2023\/06\/underwater-4286600_1280-_1_-698x1024.webp 698w, https:\/\/sylvietaboile.com\/wp-content\/uploads\/2023\/06\/underwater-4286600_1280-_1_-204x300.webp 204w, https:\/\/sylvietaboile.com\/wp-content\/uploads\/2023\/06\/underwater-4286600_1280-_1_-768x1127.webp 768w, https:\/\/sylvietaboile.com\/wp-content\/uploads\/2023\/06\/underwater-4286600_1280-_1_-79x116.webp 79w, https:\/\/sylvietaboile.com\/wp-content\/uploads\/2023\/06\/underwater-4286600_1280-_1_.webp 872w\" sizes=\"auto, (max-width: 698px) 100vw, 698px\" \/><\/figure>\n\n\n\n<div class=\"wp-block-buttons is-layout-flex wp-block-buttons-is-layout-flex\"><\/div>\n\n\n\n<!-- Code Crenolib Pro -->\n<a href=\"https:\/\/www.crenolib.fr\/prendre-rdv\/11002_hypnotherapeute-a-coye-la-foret\" style=\"display: block; text-align: center; background-color: #7142F5; color: #ffffff; font-size: 15px; overflow: hidden; width: 315px; height: 50px; border-bottom-right-radius: none; border-bottom-left-radius: none; position: fixed; bottom: 0; right: 5px; z-index: 1000; border-top-left-radius: 4px; border-top-right-radius: 4px; line-height: 50px;\" target=\"_blank\" class=\"crenolib\" rel=\"noopener noreferrer\">\n<span style=\"font-size: 15px;\">RDV Cabinet &#038; Visio &#8211; Crenolib.fr<\/span>\n<\/a>\n<!-- Code Crenolib Pro -->\n","protected":false},"excerpt":{"rendered":"<p>Morbi in sem quis dui placerat ornare. Pellentesque odio nisi euismod in pharetra a ultricies.<\/p>\n","protected":false},"author":2,"featured_media":0,"parent":0,"menu_order":0,"comment_status":"closed","ping_status":"closed","template":"page-templates\/full-width.php","meta":{"footnotes":""},"class_list":["post-1257","page","type-page","status-publish","hentry"],"jetpack_sharing_enabled":true,"_links":{"self":[{"href":"https:\/\/sylvietaboile.com\/index.php?rest_route=\/wp\/v2\/pages\/1257","targetHints":{"allow":["GET"]}}],"collection":[{"href":"https:\/\/sylvietaboile.com\/index.php?rest_route=\/wp\/v2\/pages"}],"about":[{"href":"https:\/\/sylvietaboile.com\/index.php?rest_route=\/wp\/v2\/types\/page"}],"author":[{"embeddable":true,"href":"https:\/\/sylvietaboile.com\/index.php?rest_route=\/wp\/v2\/users\/2"}],"replies":[{"embeddable":true,"href":"https:\/\/sylvietaboile.com\/index.php?rest_route=%2Fwp%2Fv2%2Fcomments&post=1257"}],"version-history":[{"count":9,"href":"https:\/\/sylvietaboile.com\/index.php?rest_route=\/wp\/v2\/pages\/1257\/revisions"}],"predecessor-version":[{"id":2133,"href":"https:\/\/sylvietaboile.com\/index.php?rest_route=\/wp\/v2\/pages\/1257\/revisions\/2133"}],"wp:attachment":[{"href":"https:\/\/sylvietaboile.com\/index.php?rest_route=%2Fwp%2Fv2%2Fmedia&parent=1257"}],"curies":[{"name":"wp","href":"https:\/\/api.w.org\/{rel}","templated":true}]}}